{"id":40,"date":"2022-09-30T08:03:21","date_gmt":"2022-09-30T08:03:21","guid":{"rendered":"https:\/\/marthinrozo.com\/?page_id=40"},"modified":"2023-02-15T23:04:25","modified_gmt":"2023-02-15T23:04:25","slug":"bio","status":"publish","type":"page","link":"https:\/\/marthinrozo.com\/es\/bio\/","title":{"rendered":"CV"},"content":{"rendered":"<div class=\"wp-block-stackable-columns stk-block-columns stk-block stk-307f9ba\" data-block-id=\"307f9ba\"><div class=\"stk-row stk-inner-blocks stk-block-content stk-content-align stk-307f9ba-column\">\n<div class=\"wp-block-stackable-column stk-block-column stk-block-column--v2 stk-column stk-block stk-ab364f9\" data-block-id=\"ab364f9\"><style>@media screen and (min-width:768px){.stk-ab364f9{flex:1 1 calc(11.8% - var(--stk-column-gap,0px) * 2 \/ 3 ) !important}}<\/style><div class=\"stk-column-wrapper stk-block-column__content stk-container stk-ab364f9-container stk--no-background stk--no-padding\"><div class=\"stk-block-content stk-inner-blocks stk-ab364f9-inner-blocks\"><\/div><\/div><\/div>\n\n\n\n<div class=\"wp-block-stackable-column stk-block-column stk-block-column--v2 stk-column stk-block stk-4e87aac\" data-block-id=\"4e87aac\"><style>@media screen and (min-width:768px){.stk-4e87aac{flex:1 1 calc(69.2% - var(--stk-column-gap,0px) * 2 \/ 3 ) !important}}<\/style><div class=\"stk-column-wrapper stk-block-column__content stk-container stk-4e87aac-container stk--no-background stk--no-padding\"><div class=\"stk-block-content stk-inner-blocks stk-4e87aac-inner-blocks\">\n<div class=\"wp-block-stackable-spacer stk-block-spacer stk--no-padding stk-block stk-fbc4384\" data-block-id=\"fbc4384\"><\/div>\n\n\n\n<h3 class=\"wp-block-heading\">Bio<\/h3>\n\n\n\n<p>Soy un artista multimedia que trabaja e investiga la intersecci\u00f3n entre el arte y la biolog\u00eda para la conservaci\u00f3n y el reconocimiento de la biodiversidad. Actualmente soy candidata al doctorado en investigaci\u00f3n art\u00edstica en la Universidad de Artes Aplicadas de Viena. <br><br>Para m\u00ed, la observaci\u00f3n consiste en reconocer el ritmo de vida de otros seres. Este es el primer paso en mi proceso de creaci\u00f3n art\u00edstica. Mi motivaci\u00f3n reside en revelar acontecimientos naturales que pasan desapercibidos, para transmitir el conocimiento cient\u00edfico junto con la fascinaci\u00f3n por lo vivo y sus infinitas manifestaciones. Me interesa mostrar otras formas de vida en contraste con la cotidianidad de los humanos para reconocernos como especie.<br><br>Haciendo especial \u00e9nfasis en los detalles, exploro procesos biol\u00f3gicos como la conformaci\u00f3n de los capullos en las polillas de la ropa o la deriva de los insectos minadores al devorar las hojas. Mis obras son el resultado de la cooperaci\u00f3n casi simbi\u00f3tica entre el hombre y la naturaleza.<\/p>\n\n\n\n<div class=\"wp-block-stackable-spacer stk-block-spacer stk--no-padding stk-block stk-9775a7a\" data-block-id=\"9775a7a\"><style>.stk-9775a7a{height:30px !important}<\/style><\/div>\n\n\n\n<h3 class=\"wp-block-heading\">Estudios<\/h3>\n\n\n\n<p><br>2018 &#8211; 2021<br><strong>University of Applied Arts Vienna<\/strong> &#8211; Austria, <em>Arte y Ciencia<\/em> \u2013 Estudio de Maestr\u00eda con honores y ganador del premio de reconocimiento de la ciudad de Viena por el trabajo de tesis<br><br>2015<br><strong>Academy of Media Arts Cologne<\/strong> \u2013 Intercambio acad\u00e9mico<br><br>2010 &#8211; 2016<br><strong>Universidad Nacional de Colombia<\/strong>, <em>Artes Pl\u00e1sticas y Visuales<\/em> \u2013 Estudio de Pregrado<\/p>\n\n\n\n<div class=\"wp-block-stackable-spacer stk-block-spacer stk--no-padding stk-block stk-7441a8b\" data-block-id=\"7441a8b\"><style>.stk-7441a8b{height:30px !important}<\/style><\/div>\n\n\n\n<h3 class=\"wp-block-heading\">Conferencias<\/h3>\n\n\n\n<p>2022<strong><br>Splintered Realities<\/strong>, 5\u00aa Conferencia sobre Futuros Renovables, Riga - Letonia<br><br>2020<br><strong><em>Lives Draw Paths, Draws Existences<\/em> <\/strong>\/ Charla abierta con Johannes J\u00e4ger y Marie Niederleithinger, Viena - Austria<strong><br><br><\/strong>2019<br><strong>About interactions<\/strong> \u2013 Symposium \/ Aula Der Wissenschaften, Vienna &#8211; Austria<strong><br>NATURA-FUGIENS: INFINITE RANDOM<\/strong> \/ Laser talk y exposici\u00f3n en la GALER\u00cdA LIP, Fortaleza \u2013 Brazil<strong><br>21\u00aa Conferencia Internacional Consciousness Reframed 2019 \"Estados sintientes: Bio-mente y tecno-naturaleza\"<\/strong> \/ Universidade Portuguese Catholic &#8211; Porto &#8211; Portugal<a href=\"https:\/\/artes.porto.ucp.pt\/en\/consciousnessreframed?msite=19\"><br><br><\/a>2018<br><strong>MILTOS MANETAS. INTERNET PAINTINGS <\/strong>\/ MAXXI Muesum, Rome &#8211; Itally<a href=\"https:\/\/www.maxxi.art\/en\/events\/miltos-manetas-the-internet-paintings\/\"><strong><br><br><\/strong><\/a>2012<strong><br><\/strong><em><strong>Charlas sobre arte y ciencia<\/strong><\/em> \/ MEDIALAB Bogot\u00e1 \/ Universidad Nacional, Bogot\u00e1 &#8211; Colombia<\/p>\n\n\n\n<div class=\"wp-block-stackable-spacer stk-block-spacer stk--no-padding stk-block stk-32b2b45\" data-block-id=\"32b2b45\"><style>.stk-32b2b45{height:30px !important}<\/style><\/div>\n\n\n\n<h3 class=\"wp-block-heading\">Exposiciones<\/h3>\n\n\n\n<p>2022<br><strong>APPROXIMATING<\/strong>, AG18 Gallery, Vienna &#8211; Austria<br><strong>With &#8211; In Soil, Dreaming of Earth<\/strong>, Minuszwei Offspace, Vienna &#8211; Austria<br><strong>Radical Matter<\/strong>, Kunstlerhaus, Vienna &#8211; Austria<br><br>2021<br><strong><em>BAT EXPERIENCE Pollination Through Sound<\/em><\/strong>, Angewandte Festival 2021, Vienna &#8211; Austria<a href=\"https:\/\/www.dieangewandte.at\/en\/news\/detail?artikel_id=1621228710488#:~:text=Angewandte%20Festival%202021%20of%20the%20University%20of%20Applied,the%20Angewandte%20are%20spreading%20out%20into%20the%20city.\"><br><\/a><strong>CAN YOU HOLD IT FOR A SEC?<\/strong>, Angewandte Festival 2021, Vienna &#8211; Austria<a href=\"http:\/\/artscience.uni-ak.ac.at\/activities?projekt_id=1621228715472\"><br><\/a><strong><em>BAT EXPERIENCE Pollination Through Sound,<\/em><\/strong><em> <\/em>Master Thesis, University of Applied Arts Vienna &#8211; Austria<br><br>2020<br><strong>ArtScienceSociety<\/strong>, Parallel Vienna art fair, Vienna &#8211; Austria<br><strong>Mikrobielles Terroir<\/strong>, Neuweilerstrasse, 4123 Allschwil Basel-Landschaft &#8211; Schweiz<br><strong>International triennial of extended media REconnection<\/strong>, Cvijeta Zuzori\u0107 art pavilion, Belgrade &#8211; Serbia<br><br>2019<br><strong>ART &amp; SCIENCE group exhibition<\/strong>, Vienna Art Week Open studio &#8211; Austria<br><strong>Laundry Service<\/strong>, Open Studio Exhibition Art and Science Master, Vienna &#8211; Austria<br><strong>NATURA-FUGIENS: INFINITE RANDOM<\/strong>, LIP GALLERY, Fortaleza &#8211; Brazil<br><strong>Boxels<\/strong>, Biennale Sessions \u2013 La Biennale di Venezia &#8211; Itally<br><strong>DATA LOAM Sometimes Hard, Usually Soft<\/strong>, Angewandte Innovation Lab, Vienna &#8211; Austria<br><strong>Latent Commons<\/strong>, U10 Gallery, Belgrade &#8211; Serbia<br><br>2018<br><strong>Applied Microperformativity: Live Arts for a Radical Socio-Economic Turn<\/strong>, Angewandte Innovation Lab, Vienna &#8211; Austria<br><strong>Floraphilia &#8211; Cinematic \/ Transmedial Herbarium<\/strong>, exMedia Lab, Colonge &#8211; Germanny<br><strong>Openning exhibition<\/strong>, Wissens\u00b0raum in Wien-Margareten &#8211; Austria<br><strong>Open House<\/strong>, Art and Science Master, Universit\u00e4t f\u00fcr angewandte kunst, Vienna &#8211; Austria<br><strong>Third salon of utilitarian art \/ Textile,<\/strong> Club el Nogal Gallery, Bogot\u00e1 &#8211; Colombia<br><strong>AIR4<\/strong>, RAVNIKAR GALLERY SPACE, Liubliana &#8211; Slovenia<br><strong>Work Out, True \/ False the path in between<\/strong>, Universit\u00e4t f\u00fcr angewandte kunst, Vienna &#8211; Austria<br><br>2017<br><strong>Open House<\/strong>, Art and Science Master, Universit\u00e4t f\u00fcr angewandte kunst, Vienna &#8211; Austria<br><strong>Ciencia + Arte: una simbiosis mediada, <\/strong>Universidad de la Salle, Natural History Museum. Obra Permanente, Bogot\u00e1 &#8211; Colombia<br><strong>Florale Transformation,<\/strong> Kunstverein M\u00f6nchengladbach, D\u00fcsseldorf, Krefeld and M\u00f6nchengladbach &#8211; Germanny<br><br>2016<br><strong>Transversal Sonora 2016 Sonidos en dialogo<\/strong>, Museum, Universidad Nacional, Bogot\u00e1 &#8211; Colombia<br><strong>Po\u00e9ticas de lo cotidiano<\/strong>, <strong>est\u00e9ticas de la vida<\/strong>. First Biennial of Art and Design, Universidad Jorge Tadeo Lozano, Boghot\u00e1 &#8211; Colombia<br><strong>microscop\u00eda y biom\u00edmesis<\/strong>, Fundaci\u00f3n Gilberto Alzate Avenda\u00f1o, Plataforma, Bogot\u00e1 &#8211; Colombia<br><strong>Espacios coloridos de transformaci\u00f3n,<\/strong> XXXIV Graduate works exhibition, Universidad Nacional, Bogot\u00e1 &#8211; Colombia<br><strong>\u00e1reas inexactas<\/strong> <strong>procesos, desbordajes&nbsp; y situaciones<\/strong>, Commemoration of the 130th Anniversary of the School of Visual and Plastic Arts of the Universidad Nacional de Colombia, MAMBO Modern Art Museum, Bogot\u00e1 &#8211; Colombia<br><br>2015<br><strong>Rundgang<\/strong> , Kunsthochschule f\u00fcr Medien K\u00f6ln &#8211; Germanny<br><strong>we , animals \u2013 transference<\/strong>, Meinblau Projektraum, Berlin &#8211; Germanny<br><br>2012<br><strong>Proyecto 21 Miradas desde la Creaci\u00f3n<\/strong>, Universidad Nacional, Bogot\u00e1 &#8211; Colombia<\/p>\n<\/div><\/div><\/div>\n\n\n\n<div class=\"wp-block-stackable-column stk-block-column stk-block-column--v2 stk-column stk-block stk-99d6b10\" data-block-id=\"99d6b10\"><style>@media screen and (min-width:768px){.stk-99d6b10{flex:1 1 calc(19% - var(--stk-column-gap,0px) * 2 \/ 3 ) !important}}<\/style><div class=\"stk-column-wrapper stk-block-column__content stk-container stk-99d6b10-container stk--no-background stk--no-padding\"><div class=\"stk-block-content stk-inner-blocks stk-99d6b10-inner-blocks\"><\/div><\/div><\/div>\n<\/div><\/div>","protected":false},"excerpt":{"rendered":"<p>Bio I am a multimedia artist working and researching the intersection between art and biology for the conservation and recognition of biodiversity. At the moment I am Ph.D. Candidate in Artistic Research at the University of Applied Arts in Vienna. For me, observation consists of recognizing the rhythm of the existence of other beings. This [&hellip;]<\/p>","protected":false},"author":1,"featured_media":0,"parent":0,"menu_order":0,"comment_status":"closed","ping_status":"closed","template":"","meta":{"slim_seo":{"title":"CV - Marthin Rozo","description":"Bio I am a multimedia artist working and researching the intersection between art and biology for the conservation and recognition of biodiversity. At the momen"},"footnotes":""},"class_list":["post-40","page","type-page","status-publish","hentry"],"blocksy_meta":{"styles_descriptor":{"styles":{"desktop":"","tablet":"","mobile":""},"google_fonts":[],"version":6}},"_links":{"self":[{"href":"https:\/\/marthinrozo.com\/es\/wp-json\/wp\/v2\/pages\/40","targetHints":{"allow":["GET"]}}],"collection":[{"href":"https:\/\/marthinrozo.com\/es\/wp-json\/wp\/v2\/pages"}],"about":[{"href":"https:\/\/marthinrozo.com\/es\/wp-json\/wp\/v2\/types\/page"}],"author":[{"embeddable":true,"href":"https:\/\/marthinrozo.com\/es\/wp-json\/wp\/v2\/users\/1"}],"replies":[{"embeddable":true,"href":"https:\/\/marthinrozo.com\/es\/wp-json\/wp\/v2\/comments?post=40"}],"version-history":[{"count":9,"href":"https:\/\/marthinrozo.com\/es\/wp-json\/wp\/v2\/pages\/40\/revisions"}],"predecessor-version":[{"id":613,"href":"https:\/\/marthinrozo.com\/es\/wp-json\/wp\/v2\/pages\/40\/revisions\/613"}],"wp:attachment":[{"href":"https:\/\/marthinrozo.com\/es\/wp-json\/wp\/v2\/media?parent=40"}],"curies":[{"name":"wp","href":"https:\/\/api.w.org\/{rel}","templated":true}]}}